{"id":153,"date":"2023-12-04T21:12:41","date_gmt":"2023-12-04T20:12:41","guid":{"rendered":"https:\/\/www.anjafeldmann.de\/?page_id=153"},"modified":"2026-02-23T21:46:54","modified_gmt":"2026-02-23T20:46:54","slug":"gruppensupervision","status":"publish","type":"page","link":"https:\/\/www.anjafeldmann.de\/?page_id=153","title":{"rendered":"Gruppensupervision"},"content":{"rendered":"\n<p class=\"has-medium-font-size\">Gruppensupervision richtet sich an Fachpersonen, die in vergleichbaren Arbeitsfeldern oder professionellen Kontexten t\u00e4tig sind, ohne im selben Team zu arbeiten.<\/p>\n\n\n\n<p>Sie bietet einen strukturierten Rahmen f\u00fcr fallbezogene Reflexion, Perspektiverweiterung und fachlichen Austausch \u00fcber institutions\u00fcbergreifende Erfahrungen.<\/p>\n\n\n\n<p>Die Vielfalt der beruflichen Hintergr\u00fcnde und Arbeitsrealit\u00e4ten er\u00f6ffnet einen erweiterten Blick auf vertraute Fragestellungen und professionelle Handlungssituationen.<\/p>\n\n\n\n<p>Gruppensupervision erm\u00f6glicht,<\/p>\n\n\n\n<p>\u2022 unterschiedliche Sichtweisen und Erfahrungsr\u00e4ume einzubeziehen<br>\u2022 berufliche Situationen aus neuen Perspektiven zu betrachten<br>\u2022 eigene Wahrnehmungs- und Handlungsmuster zu reflektieren<br>\u2022 fachliche und relationale Dynamiken differenziert zu verstehen<br>\u2022 das eigene professionelle Handeln im gr\u00f6\u00dferen Kontext zu verorten<\/p>\n\n\n\n<p>Im Mittelpunkt stehen nicht Bewertungen oder Ratschl\u00e4ge, sondern die gemeinsame reflexive Betrachtung beruflicher Praxis.<\/p>\n\n\n\n<p>Die Gruppe wirkt dabei als Resonanz- und Beobachtungsraum, in dem neue Sichtweisen und Verstehenszug\u00e4nge entstehen k\u00f6nnen.<\/p>\n\n\n\n<hr class=\"wp-block-separator has-alpha-channel-opacity\"\/>\n\n\n\n<h2 class=\"wp-block-heading\"><strong>Charakter des Formats<\/strong><\/h2>\n\n\n\n<p>Gruppensupervision lebt von Unterschiedlichkeit, professioneller Offenheit und der Bereitschaft zur Perspektivbewegung.<\/p>\n\n\n\n<p>Gerade die Distanz zum eigenen institutionellen Umfeld erm\u00f6glicht oft eine besonders freie und differenzierte Betrachtung von F\u00e4llen und Arbeitssituationen.<\/p>\n\n\n\n<hr class=\"wp-block-separator has-alpha-channel-opacity\"\/>\n\n\n\n<h2 class=\"wp-block-heading\"><strong>Rahmen &amp; Setting<\/strong><\/h2>\n\n\n\n<p>Die Gruppensupervision findet in einem verbindlichen, gesch\u00fctzten Rahmen statt.<\/p>\n\n\n\n<p class=\"has-medium-font-size\">Kontext, Frequenz und Zusammensetzung orientieren sich am jeweiligen beruflichen Feld.<\/p>\n\n\n\n<figure class=\"wp-block-gallery has-nested-images columns-default is-cropped wp-block-gallery-1 is-layout-flex wp-block-gallery-is-layout-flex\">\n<figure class=\"wp-block-image size-large\"><img fetchpriority=\"high\" decoding=\"async\" width=\"1024\" height=\"576\" data-id=\"38\" src=\"https:\/\/www.anjafeldmann.de\/wp-content\/uploads\/2023\/06\/P1060918-1024x576.jpg\" alt=\"\" class=\"wp-image-38\" srcset=\"https:\/\/www.anjafeldmann.de\/wp-content\/uploads\/2023\/06\/P1060918-1024x576.jpg 1024w, https:\/\/www.anjafeldmann.de\/wp-content\/uploads\/2023\/06\/P1060918-300x169.jpg 300w, https:\/\/www.anjafeldmann.de\/wp-content\/uploads\/2023\/06\/P1060918-768x432.jpg 768w, https:\/\/www.anjafeldmann.de\/wp-content\/uploads\/2023\/06\/P1060918-1536x864.jpg 1536w, https:\/\/www.anjafeldmann.de\/wp-content\/uploads\/2023\/06\/P1060918-2048x1152.jpg 2048w, https:\/\/www.anjafeldmann.de\/wp-content\/uploads\/2023\/06\/P1060918-850x478.jpg 850w\" sizes=\"(max-width: 1024px) 100vw, 1024px\" \/><\/figure>\n\n\n\n<figure class=\"wp-block-image size-large\"><img decoding=\"async\" width=\"1024\" height=\"576\" data-id=\"39\" src=\"https:\/\/www.anjafeldmann.de\/wp-content\/uploads\/2023\/06\/P1060924-1024x576.jpg\" alt=\"\" class=\"wp-image-39\" srcset=\"https:\/\/www.anjafeldmann.de\/wp-content\/uploads\/2023\/06\/P1060924-1024x576.jpg 1024w, https:\/\/www.anjafeldmann.de\/wp-content\/uploads\/2023\/06\/P1060924-300x169.jpg 300w, https:\/\/www.anjafeldmann.de\/wp-content\/uploads\/2023\/06\/P1060924-768x432.jpg 768w, https:\/\/www.anjafeldmann.de\/wp-content\/uploads\/2023\/06\/P1060924-1536x864.jpg 1536w, https:\/\/www.anjafeldmann.de\/wp-content\/uploads\/2023\/06\/P1060924-2048x1152.jpg 2048w, https:\/\/www.anjafeldmann.de\/wp-content\/uploads\/2023\/06\/P1060924-850x478.jpg 850w\" sizes=\"(max-width: 1024px) 100vw, 1024px\" \/><\/figure>\n\n\n\n<figure class=\"wp-block-image size-large\"><img decoding=\"async\" width=\"1024\" height=\"576\" data-id=\"37\" src=\"https:\/\/www.anjafeldmann.de\/wp-content\/uploads\/2023\/06\/P1060910-1024x576.jpg\" alt=\"\" class=\"wp-image-37\" srcset=\"https:\/\/www.anjafeldmann.de\/wp-content\/uploads\/2023\/06\/P1060910-1024x576.jpg 1024w, https:\/\/www.anjafeldmann.de\/wp-content\/uploads\/2023\/06\/P1060910-300x169.jpg 300w, https:\/\/www.anjafeldmann.de\/wp-content\/uploads\/2023\/06\/P1060910-768x432.jpg 768w, https:\/\/www.anjafeldmann.de\/wp-content\/uploads\/2023\/06\/P1060910-1536x864.jpg 1536w, https:\/\/www.anjafeldmann.de\/wp-content\/uploads\/2023\/06\/P1060910-2048x1152.jpg 2048w, https:\/\/www.anjafeldmann.de\/wp-content\/uploads\/2023\/06\/P1060910-850x478.jpg 850w\" sizes=\"(max-width: 1024px) 100vw, 1024px\" \/><\/figure>\n<\/figure>\n","protected":false},"excerpt":{"rendered":"<p>Gruppensupervision richtet sich an Fachpersonen, die in vergleichbaren Arbeitsfeldern oder professionellen Kontexten t\u00e4tig sind, ohne&#8230;<\/p>\n","protected":false},"author":1,"featured_media":0,"parent":0,"menu_order":0,"comment_status":"closed","ping_status":"closed","template":"","meta":{"footnotes":""},"class_list":["post-153","page","type-page","status-publish","hentry"],"_links":{"self":[{"href":"https:\/\/www.anjafeldmann.de\/index.php?rest_route=\/wp\/v2\/pages\/153","targetHints":{"allow":["GET"]}}],"collection":[{"href":"https:\/\/www.anjafeldmann.de\/index.php?rest_route=\/wp\/v2\/pages"}],"about":[{"href":"https:\/\/www.anjafeldmann.de\/index.php?rest_route=\/wp\/v2\/types\/page"}],"author":[{"embeddable":true,"href":"https:\/\/www.anjafeldmann.de\/index.php?rest_route=\/wp\/v2\/users\/1"}],"replies":[{"embeddable":true,"href":"https:\/\/www.anjafeldmann.de\/index.php?rest_route=%2Fwp%2Fv2%2Fcomments&post=153"}],"version-history":[{"count":5,"href":"https:\/\/www.anjafeldmann.de\/index.php?rest_route=\/wp\/v2\/pages\/153\/revisions"}],"predecessor-version":[{"id":624,"href":"https:\/\/www.anjafeldmann.de\/index.php?rest_route=\/wp\/v2\/pages\/153\/revisions\/624"}],"wp:attachment":[{"href":"https:\/\/www.anjafeldmann.de\/index.php?rest_route=%2Fwp%2Fv2%2Fmedia&parent=153"}],"curies":[{"name":"wp","href":"https:\/\/api.w.org\/{rel}","templated":true}]}}