{"id":161,"date":"2023-12-04T21:11:22","date_gmt":"2023-12-04T20:11:22","guid":{"rendered":"https:\/\/www.anjafeldmann.de\/?page_id=161"},"modified":"2026-02-24T20:53:31","modified_gmt":"2026-02-24T19:53:31","slug":"anja-feldmann","status":"publish","type":"page","link":"https:\/\/www.anjafeldmann.de\/","title":{"rendered":"Kreative Prozessbegleitung                                  f\u00fcr Menschen, Teams &amp; Organisationen"},"content":{"rendered":"\n<div class=\"wp-block-group alignfull\"><div class=\"wp-block-group__inner-container is-layout-flow wp-block-group-is-layout-flow\">\n<p class=\"has-text-align-center\"><em>&#8222;Wenn man alles neu und anders sieht, kann&#8217;s sein, dass Andres auch geschieht!&#8220;<\/em><br>(Marry Poppins)<\/p>\n<\/div><\/div>\n\n\n\n<div class=\"wp-block-group alignfull\"><div class=\"wp-block-group__inner-container is-layout-flow wp-block-group-is-layout-flow\">\n<p>Supervision und Coaching verstehe ich als Einladung, Wahrnehmung zu ver\u00e4ndern, Perspektiven zu erweitern und Dynamiken sichtbar werden zu lassen.<\/p>\n\n\n\n<p>Gemeinsam beleuchten wir die Reflexionsb\u00fchne, auf der sich zeigen darf, was im Arbeitsalltag oft verborgen bleibt.<br>Wir \u00f6ffnen Resonanzr\u00e4ume, in denen Wirkung, Beziehung und feine Zwischent\u00f6ne wahrnehmbar werden.<br>Wir schaffen Beobachtungsr\u00e4ume, die Abstand erm\u00f6glichen und neue Sichtweisen entstehen lassen.<\/p>\n\n\n\n<p>Im Vordergrund stehen keine verlockenden, vorschnellen L\u00f6sungen, sondern Verstehen, Kl\u00e4rung und Bewegung im Denken.<\/p>\n\n\n\n<p>Nicht alles zeigt sich allein im Gespr\u00e4ch. Daher arbeite ich auch mit k\u00f6rper-, wahrnehmungs- und kreativen Zug\u00e4ngen, die die M\u00f6glichkeiten des Verstehens erweitern und oft \u00fcberraschend neue Perspektiven er\u00f6ffnen.<\/p>\n\n\n<div class=\"wp-block-image\">\n<figure class=\"aligncenter size-large is-resized\"><img fetchpriority=\"high\" decoding=\"async\" width=\"1024\" height=\"683\" src=\"https:\/\/www.anjafeldmann.de\/wp-content\/uploads\/2023\/06\/Anja-1-1-1024x683.jpg\" alt=\"Das Atelier f\u00fcr Coaching und Supervision in Stuttgart\" class=\"wp-image-34\" style=\"aspect-ratio:1.4992888417882142;width:355px;height:auto\" srcset=\"https:\/\/www.anjafeldmann.de\/wp-content\/uploads\/2023\/06\/Anja-1-1-1024x683.jpg 1024w, https:\/\/www.anjafeldmann.de\/wp-content\/uploads\/2023\/06\/Anja-1-1-300x200.jpg 300w, https:\/\/www.anjafeldmann.de\/wp-content\/uploads\/2023\/06\/Anja-1-1-768x512.jpg 768w, https:\/\/www.anjafeldmann.de\/wp-content\/uploads\/2023\/06\/Anja-1-1-1536x1024.jpg 1536w, https:\/\/www.anjafeldmann.de\/wp-content\/uploads\/2023\/06\/Anja-1-1-2048x1365.jpg 2048w, https:\/\/www.anjafeldmann.de\/wp-content\/uploads\/2023\/06\/Anja-1-1-850x567.jpg 850w\" sizes=\"(max-width: 1024px) 100vw, 1024px\" \/><figcaption class=\"wp-element-caption\">Anja Feldmann <br>Coaching und Supervision<\/figcaption><\/figure>\n<\/div><\/div><\/div>\n\n\n\n<p><br><br><\/p>\n","protected":false},"excerpt":{"rendered":"<p>&#8222;Wenn man alles neu und anders sieht, kann&#8217;s sein, dass Andres auch geschieht!&#8220;(Marry Poppins) Supervision&#8230;<\/p>\n","protected":false},"author":1,"featured_media":0,"parent":0,"menu_order":1,"comment_status":"closed","ping_status":"closed","template":"","meta":{"footnotes":""},"class_list":["post-161","page","type-page","status-publish","hentry"],"_links":{"self":[{"href":"https:\/\/www.anjafeldmann.de\/index.php?rest_route=\/wp\/v2\/pages\/161","targetHints":{"allow":["GET"]}}],"collection":[{"href":"https:\/\/www.anjafeldmann.de\/index.php?rest_route=\/wp\/v2\/pages"}],"about":[{"href":"https:\/\/www.anjafeldmann.de\/index.php?rest_route=\/wp\/v2\/types\/page"}],"author":[{"embeddable":true,"href":"https:\/\/www.anjafeldmann.de\/index.php?rest_route=\/wp\/v2\/users\/1"}],"replies":[{"embeddable":true,"href":"https:\/\/www.anjafeldmann.de\/index.php?rest_route=%2Fwp%2Fv2%2Fcomments&post=161"}],"version-history":[{"count":44,"href":"https:\/\/www.anjafeldmann.de\/index.php?rest_route=\/wp\/v2\/pages\/161\/revisions"}],"predecessor-version":[{"id":646,"href":"https:\/\/www.anjafeldmann.de\/index.php?rest_route=\/wp\/v2\/pages\/161\/revisions\/646"}],"wp:attachment":[{"href":"https:\/\/www.anjafeldmann.de\/index.php?rest_route=%2Fwp%2Fv2%2Fmedia&parent=161"}],"curies":[{"name":"wp","href":"https:\/\/api.w.org\/{rel}","templated":true}]}}