{"id":323,"date":"2023-12-14T12:12:41","date_gmt":"2023-12-14T11:12:41","guid":{"rendered":"https:\/\/www.anjafeldmann.de\/?page_id=323"},"modified":"2026-02-24T20:44:35","modified_gmt":"2026-02-24T19:44:35","slug":"ueber-mich","status":"publish","type":"page","link":"https:\/\/www.anjafeldmann.de\/?page_id=323","title":{"rendered":"\u00dcber mich"},"content":{"rendered":"\n<div class=\"wp-block-group alignfull\"><div class=\"wp-block-group__inner-container is-layout-flow wp-block-group-is-layout-flow\">\n<div class=\"wp-block-group alignfull\" style=\"padding-top:var(--wp--preset--spacing--superbspacing-xxlarge);padding-right:var(--wp--preset--spacing--superbspacing-small);padding-bottom:var(--wp--preset--spacing--superbspacing-xxlarge);padding-left:var(--wp--preset--spacing--superbspacing-small)\"><div class=\"wp-block-group__inner-container is-layout-constrained wp-container-core-group-is-layout-df3a6385 wp-block-group-is-layout-constrained\">\n<div class=\"wp-block-columns alignwide is-layout-flex wp-container-core-columns-is-layout-95ad091b wp-block-columns-is-layout-flex\">\n<div class=\"wp-block-column is-vertically-aligned-center is-layout-flow wp-block-column-is-layout-flow\">\n<h3 class=\"wp-block-heading has-text-align-left has-contrast-color has-text-color has-superbfont-xsmall-font-size\">&#8222;Mein beruflicher Werdegang begann zun\u00e4chst mit der darstellenden Kunst. Doch mir fehlte eine sinnstiftende Erg\u00e4nzung. Ich entdeckte die therapeutische Kraft des Theaters und absolvierte ein Studium der Theatertherapie. Kombiniert mit meiner Passion, dem Figurenspiel, spezialisierte ich mich auf Figurenspieltherapie. Aufgrund einer beruflichen Ver\u00e4nderung durchlief ich die berufsbegleitende Ausbildung &#8222;systemisch-integrative Supervisorin, Coaching und Organisationsentwicklung&#8220;.<br>So vielf\u00e4ltig wie mein Werdegang, so abwechslungsreich ist auch mein Arbeitsalltag:<br>Theatertherapie mit krebskranken Kindern, Coaching f\u00fcr IT-Consultants, F\u00fchrungskr\u00e4fte und Menschen in herausfordernden Lebenssituationen,  Supervision f\u00fcr multiprofessionelle Teams in der Psychiatrie und in Kitas, Referentin f\u00fcr P\u00e4dagog:innen und Lehrbeauftragte an der HfWU.<br>Damit ich auch meine k\u00fcnstlerische Seite leben kann, arbeite ich weiterhin als Figurenspielerin f\u00fcr den KIKA und erwecke Kikaninchen und Fidi (OFF-AIR) zum Leben. <br>Dieser facettenreiche und pr\u00e4gende Weg hat mich zu der kreativen und einf\u00fchlsamen Coachin gemacht, die ich heute bin.&#8220;<\/h3>\n\n\n\n<div class=\"wp-block-group is-vertical is-content-justification-left is-layout-flex wp-container-core-group-is-layout-2d9eb4c3 wp-block-group-is-layout-flex\">\n<h2 class=\"wp-block-heading has-text-align-left has-contrast-color has-text-color has-superbfont-xxsmall-font-size\">Anja Feldmann<\/h2>\n\n\n\n<p class=\"has-text-align-left has-secondary-color has-text-color has-superbfont-xxsmall-font-size\">Atelier f\u00fcr Coaching &amp; Supervision<\/p>\n<\/div>\n<\/div>\n<\/div>\n\n\n\n<figure class=\"wp-block-gallery has-nested-images columns-default is-cropped wp-block-gallery-1 is-layout-flex wp-block-gallery-is-layout-flex\">\n<figure class=\"wp-block-image size-large is-style-rounded\"><img fetchpriority=\"high\" decoding=\"async\" width=\"1024\" height=\"683\" data-id=\"340\" src=\"https:\/\/www.anjafeldmann.de\/wp-content\/uploads\/2023\/12\/DSC00487-1024x683.jpg\" alt=\"\" class=\"wp-image-340\" srcset=\"https:\/\/www.anjafeldmann.de\/wp-content\/uploads\/2023\/12\/DSC00487-1024x683.jpg 1024w, https:\/\/www.anjafeldmann.de\/wp-content\/uploads\/2023\/12\/DSC00487-300x200.jpg 300w, https:\/\/www.anjafeldmann.de\/wp-content\/uploads\/2023\/12\/DSC00487-768x512.jpg 768w, https:\/\/www.anjafeldmann.de\/wp-content\/uploads\/2023\/12\/DSC00487-1536x1024.jpg 1536w, https:\/\/www.anjafeldmann.de\/wp-content\/uploads\/2023\/12\/DSC00487-2048x1365.jpg 2048w, https:\/\/www.anjafeldmann.de\/wp-content\/uploads\/2023\/12\/DSC00487-850x567.jpg 850w\" sizes=\"(max-width: 1024px) 100vw, 1024px\" \/><\/figure>\n\n\n\n<figure class=\"wp-block-image size-large is-style-rounded\"><img decoding=\"async\" width=\"768\" height=\"1024\" data-id=\"344\" src=\"https:\/\/www.anjafeldmann.de\/wp-content\/uploads\/2023\/12\/IMG_20231027_1023362-1-768x1024.jpg\" alt=\"\" class=\"wp-image-344\" srcset=\"https:\/\/www.anjafeldmann.de\/wp-content\/uploads\/2023\/12\/IMG_20231027_1023362-1-768x1024.jpg 768w, https:\/\/www.anjafeldmann.de\/wp-content\/uploads\/2023\/12\/IMG_20231027_1023362-1-225x300.jpg 225w, https:\/\/www.anjafeldmann.de\/wp-content\/uploads\/2023\/12\/IMG_20231027_1023362-1-1152x1536.jpg 1152w, https:\/\/www.anjafeldmann.de\/wp-content\/uploads\/2023\/12\/IMG_20231027_1023362-1-1536x2048.jpg 1536w, https:\/\/www.anjafeldmann.de\/wp-content\/uploads\/2023\/12\/IMG_20231027_1023362-1-300x400.jpg 300w, https:\/\/www.anjafeldmann.de\/wp-content\/uploads\/2023\/12\/IMG_20231027_1023362-1-850x1133.jpg 850w, https:\/\/www.anjafeldmann.de\/wp-content\/uploads\/2023\/12\/IMG_20231027_1023362-1-scaled.jpg 1920w\" sizes=\"(max-width: 768px) 100vw, 768px\" \/><\/figure>\n\n\n\n<figure class=\"wp-block-image size-large is-style-rounded\"><img decoding=\"async\" width=\"683\" height=\"1024\" data-id=\"233\" src=\"https:\/\/www.anjafeldmann.de\/wp-content\/uploads\/2023\/12\/26-IMG_3560-683x1024.jpg\" alt=\"\" class=\"wp-image-233\" srcset=\"https:\/\/www.anjafeldmann.de\/wp-content\/uploads\/2023\/12\/26-IMG_3560-683x1024.jpg 683w, https:\/\/www.anjafeldmann.de\/wp-content\/uploads\/2023\/12\/26-IMG_3560-200x300.jpg 200w, https:\/\/www.anjafeldmann.de\/wp-content\/uploads\/2023\/12\/26-IMG_3560-768x1152.jpg 768w, https:\/\/www.anjafeldmann.de\/wp-content\/uploads\/2023\/12\/26-IMG_3560-1024x1536.jpg 1024w, https:\/\/www.anjafeldmann.de\/wp-content\/uploads\/2023\/12\/26-IMG_3560-1365x2048.jpg 1365w, https:\/\/www.anjafeldmann.de\/wp-content\/uploads\/2023\/12\/26-IMG_3560-300x450.jpg 300w, https:\/\/www.anjafeldmann.de\/wp-content\/uploads\/2023\/12\/26-IMG_3560-850x1275.jpg 850w, https:\/\/www.anjafeldmann.de\/wp-content\/uploads\/2023\/12\/26-IMG_3560-scaled.jpg 1707w\" sizes=\"(max-width: 683px) 100vw, 683px\" \/><\/figure>\n<\/figure>\n<\/div><\/div>\n\n\n\n<p><strong>Meine Qualifikationen<\/strong><\/p>\n<\/div><\/div>\n\n\n\n<ul class=\"wp-block-list\">\n<li>systemisch-integrative Supervisionsausbildung <a href=\"https:\/\/www.dgsv.de\/\">DGSv <\/a><br><a href=\"https:\/\/www.tuebinger-akademie.de\/akademie.html\">(T\u00fcbinger Akademie f\u00fcr Weiterbildung)<\/a><\/li>\n\n\n\n<li>Theatertherapeutin B.A. <a href=\"https:\/\/www.hfwu.de\/studium\/studienangebot\/theatertherapie\/\">(HfWU N\u00fcrtingen)<\/a><\/li>\n\n\n\n<li>staatlich anerkannte Schauspielerin<br><\/li>\n<\/ul>\n\n\n\n<p><strong>Weiterbildungen<\/strong><\/p>\n\n\n\n<ul class=\"wp-block-list\">\n<li><a href=\"https:\/\/www.dr-michael-bohne.de\/was-ist-pep.html\">Fortbildung PEP\u00ae nach Dr. Michael Bohne<\/a><\/li>\n\n\n\n<li><a href=\"https:\/\/www.wzpp.de\/index.php\/weiterbildungen\/i-b-t-r-traumatherapie-bei-babys-und-kleinkinder\">I.B.T. WZPP<\/a><\/li>\n\n\n\n<li><a href=\"https:\/\/wingwave.com\/\">wingwave<\/a><\/li>\n\n\n\n<li><a href=\"https:\/\/www.uniklinik-ulm.de\/kinder-und-jugendpsychiatriepsychotherapie\/sektionen-und-arbeitsgruppen\/abgeschlossene-projekte\/verbundprojekt-ecqat.html\">Traumatherapie<\/a><\/li>\n\n\n\n<li><a href=\"https:\/\/www.damicharf.com\/\">traumasensibles Coaching<\/a><\/li>\n\n\n\n<li><a href=\"https:\/\/dgtp.de\/\">Figurenspieltherapie<\/a><\/li>\n\n\n\n<li><a href=\"https:\/\/www.dgft.de\/\">Drama und Theatertherapie<\/a><\/li>\n\n\n\n<li><a href=\"https:\/\/figurentheater-kolleg.de\/\">Figurenspiel<\/a><\/li>\n\n\n\n<li><a href=\"https:\/\/www.bodoschulte.de\/\">Figurenbau<\/a><\/li>\n<\/ul>\n\n\n\n<p><strong>Berufliche Stationen<\/strong><\/p>\n\n\n\n<div class=\"wp-block-group\"><div class=\"wp-block-group__inner-container is-layout-constrained wp-block-group-is-layout-constrained\">\n<ul class=\"wp-block-list\">\n<li>Supervision und Coaching &#8211; freiberuflich<\/li>\n\n\n\n<li>Referentin &#8211; freiberuflich<\/li>\n\n\n\n<li>Teamleitung Personalentwicklung &#8211; <a href=\"https:\/\/bcmsolutions.de\/ueber-uns\/das-team\/\">bcm solutions service GmbH<\/a><\/li>\n\n\n\n<li>Success Coach &#8211; <a href=\"https:\/\/bcmsolutions.de\/ueber-uns\/das-team\/\">bcm solutions GmbH<\/a><\/li>\n\n\n\n<li>Beratung f\u00fcr Kinder krebskranker Eltern &#8211; Krebsberatungsstelle Stuttgart<\/li>\n\n\n\n<li>Theatertherapeutin &#8211; <a href=\"https:\/\/www.klinikum-stuttgart.de\/kliniken-institute-zentren\/paediatrie-5-onkologie-haematologie-und-immunologie\/startseite\">Olgahospital Stuttgart<\/a><\/li>\n\n\n\n<li>Lehrbeauftragte &#8211; <a href=\"https:\/\/www.hfwu.de\/studium\/studienangebot\/theatertherapie\/\">HfWU N\u00fcrtingen<\/a><\/li>\n\n\n\n<li>Kita integrierte Praxisberaterin des Bundesprogramms <br>&#8222;<a href=\"https:\/\/www.fruehe-chancen.de\/?id=436service\/faqs\/\">Sprach Kitas: Weil Sprache der Schl\u00fcssel zur Welt ist<\/a>&#8220; &#8211; <a href=\"https:\/\/paedagogen.stuttgart.de\/einrichtungen\/kitas\/\">Jugendamt Stuttgart<\/a><\/li>\n\n\n\n<li>Figurenspielerin &#8211; freiberuflich<\/li>\n<\/ul>\n<\/div><\/div>\n\n\n\n<figure class=\"wp-block-gallery has-nested-images columns-default is-cropped wp-block-gallery-2 is-layout-flex wp-block-gallery-is-layout-flex\">\n<figure class=\"wp-block-image size-full\"><img loading=\"lazy\" decoding=\"async\" width=\"842\" height=\"804\" data-id=\"640\" src=\"https:\/\/www.anjafeldmann.de\/wp-content\/uploads\/2026\/02\/25_Logo_200px-1.png\" alt=\"\" class=\"wp-image-640\" srcset=\"https:\/\/www.anjafeldmann.de\/wp-content\/uploads\/2026\/02\/25_Logo_200px-1.png 842w, https:\/\/www.anjafeldmann.de\/wp-content\/uploads\/2026\/02\/25_Logo_200px-1-300x286.png 300w, https:\/\/www.anjafeldmann.de\/wp-content\/uploads\/2026\/02\/25_Logo_200px-1-768x733.png 768w\" sizes=\"(max-width: 842px) 100vw, 842px\" \/><\/figure>\n\n\n\n<figure class=\"wp-block-image size-large\"><img loading=\"lazy\" decoding=\"async\" width=\"800\" height=\"678\" data-id=\"515\" src=\"https:\/\/www.anjafeldmann.de\/wp-content\/uploads\/2024\/07\/DGSv_Logo.png\" alt=\"\" class=\"wp-image-515\" srcset=\"https:\/\/www.anjafeldmann.de\/wp-content\/uploads\/2024\/07\/DGSv_Logo.png 800w, https:\/\/www.anjafeldmann.de\/wp-content\/uploads\/2024\/07\/DGSv_Logo-300x254.png 300w, https:\/\/www.anjafeldmann.de\/wp-content\/uploads\/2024\/07\/DGSv_Logo-768x651.png 768w\" sizes=\"(max-width: 800px) 100vw, 800px\" \/><\/figure>\n\n\n\n<figure class=\"wp-block-image size-medium\"><img loading=\"lazy\" decoding=\"async\" width=\"300\" height=\"285\" data-id=\"611\" src=\"https:\/\/www.anjafeldmann.de\/wp-content\/uploads\/2025\/03\/20974_csm_stamp_2025_de_a9bb63de55_4e362e2df6-300x285.png\" alt=\"\" class=\"wp-image-611\" srcset=\"https:\/\/www.anjafeldmann.de\/wp-content\/uploads\/2025\/03\/20974_csm_stamp_2025_de_a9bb63de55_4e362e2df6-300x285.png 300w, https:\/\/www.anjafeldmann.de\/wp-content\/uploads\/2025\/03\/20974_csm_stamp_2025_de_a9bb63de55_4e362e2df6-1024x974.png 1024w, https:\/\/www.anjafeldmann.de\/wp-content\/uploads\/2025\/03\/20974_csm_stamp_2025_de_a9bb63de55_4e362e2df6-768x730.png 768w, https:\/\/www.anjafeldmann.de\/wp-content\/uploads\/2025\/03\/20974_csm_stamp_2025_de_a9bb63de55_4e362e2df6-850x808.png 850w, https:\/\/www.anjafeldmann.de\/wp-content\/uploads\/2025\/03\/20974_csm_stamp_2025_de_a9bb63de55_4e362e2df6.png 1120w\" sizes=\"(max-width: 300px) 100vw, 300px\" \/><\/figure>\n<\/figure>\n","protected":false},"excerpt":{"rendered":"<p>&#8222;Mein beruflicher Werdegang begann zun\u00e4chst mit der darstellenden Kunst. Doch mir fehlte eine sinnstiftende Erg\u00e4nzung&#8230;.<\/p>\n","protected":false},"author":1,"featured_media":0,"parent":0,"menu_order":0,"comment_status":"closed","ping_status":"closed","template":"","meta":{"footnotes":""},"class_list":["post-323","page","type-page","status-publish","hentry"],"_links":{"self":[{"href":"https:\/\/www.anjafeldmann.de\/index.php?rest_route=\/wp\/v2\/pages\/323","targetHints":{"allow":["GET"]}}],"collection":[{"href":"https:\/\/www.anjafeldmann.de\/index.php?rest_route=\/wp\/v2\/pages"}],"about":[{"href":"https:\/\/www.anjafeldmann.de\/index.php?rest_route=\/wp\/v2\/types\/page"}],"author":[{"embeddable":true,"href":"https:\/\/www.anjafeldmann.de\/index.php?rest_route=\/wp\/v2\/users\/1"}],"replies":[{"embeddable":true,"href":"https:\/\/www.anjafeldmann.de\/index.php?rest_route=%2Fwp%2Fv2%2Fcomments&post=323"}],"version-history":[{"count":33,"href":"https:\/\/www.anjafeldmann.de\/index.php?rest_route=\/wp\/v2\/pages\/323\/revisions"}],"predecessor-version":[{"id":641,"href":"https:\/\/www.anjafeldmann.de\/index.php?rest_route=\/wp\/v2\/pages\/323\/revisions\/641"}],"wp:attachment":[{"href":"https:\/\/www.anjafeldmann.de\/index.php?rest_route=%2Fwp%2Fv2%2Fmedia&parent=323"}],"curies":[{"name":"wp","href":"https:\/\/api.w.org\/{rel}","templated":true}]}}