{"id":441,"date":"2024-01-14T10:41:31","date_gmt":"2024-01-14T09:41:31","guid":{"rendered":"https:\/\/www.anjafeldmann.de\/?page_id=441"},"modified":"2026-02-24T20:46:22","modified_gmt":"2026-02-24T19:46:22","slug":"pruefungsangst-lernblockade","status":"publish","type":"page","link":"https:\/\/www.anjafeldmann.de\/?page_id=441","title":{"rendered":"Pr\u00fcfungsangst?"},"content":{"rendered":"\n<h2 class=\"wp-block-heading\">Coaching in Pr\u00fcfungs- und Auftrittssituationen<\/h2>\n\n\n\n<p>Pr\u00fcfungssituationen konfrontieren uns h\u00e4ufig nicht nur mit fachlichen Anforderungen, sondern auch mit inneren Spannungen, Erwartungsdruck und Stressreaktionen.<\/p>\n\n\n\n<p>Anspannung, Gedankenkreisen, Blackout-Erleben oder Selbstzweifel entstehen dabei oft unabh\u00e4ngig vom tats\u00e4chlichen Wissensstand und k\u00f6nnen den Zugang zu vorhandenen F\u00e4higkeiten deutlich erschweren.<\/p>\n\n\n\n<p>Coaching bietet einen strukturierten Rahmen, um diese Dynamiken differenziert zu betrachten und individuelle Wege zu mehr innerer Stabilit\u00e4t, Gelassenheit und Handlungssicherheit zu entwickeln.<\/p>\n\n\n\n<p>Im Mittelpunkt stehen Wahrnehmung, Selbstregulation und der konstruktive Umgang mit stressbezogenen Reaktionsmustern.<\/p>\n\n\n\n<hr class=\"wp-block-separator has-alpha-channel-opacity\"\/>\n\n\n\n<h2 class=\"wp-block-heading\"><strong>Typische Anliegen<\/strong><\/h2>\n\n\n\n<p>Coaching kann unterst\u00fctzend wirken bei<\/p>\n\n\n\n<p>\u2022 Pr\u00fcfungs\u00e4ngsten und Blackout-Erleben<br>\u2022 starker Anspannung oder Nervosit\u00e4t<br>\u2022 mentalem Druck und Selbstzweifeln<br>\u2022 m\u00fcndlichen Pr\u00fcfungen und Pr\u00e4sentationen<br>\u2022 Assessment- und Auswahlsituationen<br>\u2022 Auftritts- und Bewertungskontexten<\/p>\n\n\n\n<hr class=\"wp-block-separator has-alpha-channel-opacity\"\/>\n\n\n\n<h2 class=\"wp-block-heading\"><strong>Arbeitsweise<\/strong><\/h2>\n\n\n\n<p>Je nach Anliegen arbeite ich gespr\u00e4chsbasiert sowie mit methodischen und kreativen Zug\u00e4ngen, unter anderem aus dem Wingwave Coaching, PEP, NLP sowie k\u00f6rper- und wahrnehmungsorientierten Verfahren.<\/p>\n\n\n\n<p>Diese Zug\u00e4nge unterst\u00fctzen die Regulation innerer Prozesse, erleichtern Perspektivwechsel und st\u00e4rken den Zugang zu vorhandenen Ressourcen.<\/p>\n\n\n\n<hr class=\"wp-block-separator has-alpha-channel-opacity\"\/>\n\n\n\n<h2 class=\"wp-block-heading\"><strong>Zielrichtung des Coachings<\/strong><\/h2>\n\n\n\n<p>Ziel ist nicht die Optimierung von Leistung, sondern die Entwicklung eines stimmigen und stabilen Umgangs mit Pr\u00fcfungssituationen und Bewertungskontexten.<br><br>Im kostenlosen Erstgespr\u00e4ch lernen wir uns kennen und Sie erfahren mehr \u00fcber meine Arbeitsweise.<br><a href=\"https:\/\/www.anjafeldmann.de\/?page_id=403\" target=\"_blank\" rel=\"noreferrer noopener\">Kontaktieren Sie mich gerne!<\/a><\/p>\n\n\n\n<figure class=\"wp-block-image size-large is-resized\"><img fetchpriority=\"high\" decoding=\"async\" width=\"1024\" height=\"974\" src=\"https:\/\/www.anjafeldmann.de\/wp-content\/uploads\/2025\/03\/20974_csm_stamp_2025_de_a9bb63de55_4e362e2df6-1024x974.png\" alt=\"\" class=\"wp-image-611\" style=\"width:129px;height:auto\" srcset=\"https:\/\/www.anjafeldmann.de\/wp-content\/uploads\/2025\/03\/20974_csm_stamp_2025_de_a9bb63de55_4e362e2df6-1024x974.png 1024w, https:\/\/www.anjafeldmann.de\/wp-content\/uploads\/2025\/03\/20974_csm_stamp_2025_de_a9bb63de55_4e362e2df6-300x285.png 300w, https:\/\/www.anjafeldmann.de\/wp-content\/uploads\/2025\/03\/20974_csm_stamp_2025_de_a9bb63de55_4e362e2df6-768x730.png 768w, https:\/\/www.anjafeldmann.de\/wp-content\/uploads\/2025\/03\/20974_csm_stamp_2025_de_a9bb63de55_4e362e2df6-850x808.png 850w, https:\/\/www.anjafeldmann.de\/wp-content\/uploads\/2025\/03\/20974_csm_stamp_2025_de_a9bb63de55_4e362e2df6.png 1120w\" sizes=\"(max-width: 1024px) 100vw, 1024px\" \/><\/figure>\n","protected":false},"excerpt":{"rendered":"<p>Coaching in Pr\u00fcfungs- und Auftrittssituationen Pr\u00fcfungssituationen konfrontieren uns h\u00e4ufig nicht nur mit fachlichen Anforderungen, sondern&#8230;<\/p>\n","protected":false},"author":1,"featured_media":0,"parent":0,"menu_order":0,"comment_status":"closed","ping_status":"closed","template":"","meta":{"footnotes":""},"class_list":["post-441","page","type-page","status-publish","hentry"],"_links":{"self":[{"href":"https:\/\/www.anjafeldmann.de\/index.php?rest_route=\/wp\/v2\/pages\/441","targetHints":{"allow":["GET"]}}],"collection":[{"href":"https:\/\/www.anjafeldmann.de\/index.php?rest_route=\/wp\/v2\/pages"}],"about":[{"href":"https:\/\/www.anjafeldmann.de\/index.php?rest_route=\/wp\/v2\/types\/page"}],"author":[{"embeddable":true,"href":"https:\/\/www.anjafeldmann.de\/index.php?rest_route=\/wp\/v2\/users\/1"}],"replies":[{"embeddable":true,"href":"https:\/\/www.anjafeldmann.de\/index.php?rest_route=%2Fwp%2Fv2%2Fcomments&post=441"}],"version-history":[{"count":8,"href":"https:\/\/www.anjafeldmann.de\/index.php?rest_route=\/wp\/v2\/pages\/441\/revisions"}],"predecessor-version":[{"id":642,"href":"https:\/\/www.anjafeldmann.de\/index.php?rest_route=\/wp\/v2\/pages\/441\/revisions\/642"}],"wp:attachment":[{"href":"https:\/\/www.anjafeldmann.de\/index.php?rest_route=%2Fwp%2Fv2%2Fmedia&parent=441"}],"curies":[{"name":"wp","href":"https:\/\/api.w.org\/{rel}","templated":true}]}}