{"id":448,"date":"2024-01-14T14:34:35","date_gmt":"2024-01-14T13:34:35","guid":{"rendered":"https:\/\/www.anjafeldmann.de\/?page_id=448"},"modified":"2026-02-23T21:52:59","modified_gmt":"2026-02-23T20:52:59","slug":"lernblockade","status":"publish","type":"page","link":"https:\/\/www.anjafeldmann.de\/?page_id=448","title":{"rendered":"Lernblockade?"},"content":{"rendered":"\n<h2 class=\"wp-block-heading\"><strong>Coaching bei Lernblockaden &amp; Pr\u00fcfungsstress<\/strong><\/h2>\n\n\n\n<p>Lern- und Pr\u00fcfungssituationen k\u00f6nnen trotz Motivation und fachlicher F\u00e4higkeiten von inneren Spannungen, Stressreaktionen oder Blockadeerleben begleitet sein.<\/p>\n\n\n\n<p>Konzentrationsschwierigkeiten, Gedankenkreisen, Anspannung oder Selbstzweifel sind dabei h\u00e4ufig keine Frage von Wissen oder Disziplin, sondern Ausdruck innerer Verarbeitungs- und Stressdynamiken.<\/p>\n\n\n\n<p>Coaching bietet einen strukturierten Rahmen, um diese Prozesse differenziert zu betrachten und individuelle Wege zu mehr innerer Stabilit\u00e4t, Fokus und Handlungsf\u00e4higkeit zu entwickeln.<\/p>\n\n\n\n<hr class=\"wp-block-separator has-alpha-channel-opacity\"\/>\n\n\n\n<h2 class=\"wp-block-heading\"><strong>Wingwave Coaching<\/strong><\/h2>\n\n\n\n<p>Wingwave Coaching ist ein methodischer Ansatz zur Bearbeitung stressbezogener Reaktionsmuster und emotionaler Blockadeerlebnisse.<\/p>\n\n\n\n<p>Die Methode wird insbesondere dann eingesetzt, wenn Stress, Pr\u00fcfungs\u00e4ngste oder innere Anspannung das Lernen, die Konzentration oder die Leistungsf\u00e4higkeit beeintr\u00e4chtigen.<\/p>\n\n\n\n<p>Im Mittelpunkt stehen nicht Symptome oder Bewertungen, sondern die Regulation innerer Prozesse und die St\u00e4rkung vorhandener Ressourcen.<\/p>\n\n\n\n<p>Wingwave Coaching kann unterst\u00fctzen bei<\/p>\n\n\n\n<p>\u2022 Pr\u00fcfungs- und Auftrittssituationen<br>\u2022 Lern- und Konzentrationsblockaden<br>\u2022 stressbedingter innerer Unruhe<br>\u2022 mentaler \u00dcberforderung oder Anspannung<\/p>\n\n\n\n<hr class=\"wp-block-separator has-alpha-channel-opacity\"\/>\n\n\n\n<h2 class=\"wp-block-heading\"><strong>Charakter der Arbeit<\/strong><\/h2>\n\n\n\n<p>Die Ausgestaltung des Coachings richtet sich nach Anliegen, Kontext und individueller Situation.<\/p>\n\n\n\n<p>Wingwave wird dabei als methodisches Element innerhalb des Coachingprozesses eingesetzt.<\/p>\n\n\n\n<hr class=\"wp-block-separator has-alpha-channel-opacity\"\/>\n\n\n\n<p><br>Was ist Wingwave Coaching? <a href=\"https:\/\/wingwave.com\/ueber-wingwave\/erklaervideo\/\" target=\"_blank\" rel=\"noreferrer noopener\">Hier geht es zum Erkl\u00e4rvideo.<\/a><\/p>\n\n\n\n<p>Interessiert? Dann kontaktieren Sie mich und im kostenlosen Erstgespr\u00e4ch k\u00f6nnen wir den Coaching Prozess gemeinsam besprechen! <br><a href=\"https:\/\/www.anjafeldmann.de\/?page_id=403\" target=\"_blank\" rel=\"noreferrer noopener\">Hier geht es zum Kontaktformular.<\/a><\/p>\n\n\n\n<figure class=\"wp-block-image size-large is-resized\"><img fetchpriority=\"high\" decoding=\"async\" width=\"1024\" height=\"974\" src=\"https:\/\/www.anjafeldmann.de\/wp-content\/uploads\/2024\/01\/image-7-1024x974.png\" alt=\"\" class=\"wp-image-487\" style=\"width:186px;height:auto\" srcset=\"https:\/\/www.anjafeldmann.de\/wp-content\/uploads\/2024\/01\/image-7-1024x974.png 1024w, https:\/\/www.anjafeldmann.de\/wp-content\/uploads\/2024\/01\/image-7-300x285.png 300w, https:\/\/www.anjafeldmann.de\/wp-content\/uploads\/2024\/01\/image-7-768x730.png 768w, https:\/\/www.anjafeldmann.de\/wp-content\/uploads\/2024\/01\/image-7-850x808.png 850w, https:\/\/www.anjafeldmann.de\/wp-content\/uploads\/2024\/01\/image-7.png 1120w\" sizes=\"(max-width: 1024px) 100vw, 1024px\" \/><\/figure>\n\n\n\n<figure class=\"wp-block-gallery has-nested-images columns-default is-cropped wp-block-gallery-1 is-layout-flex wp-block-gallery-is-layout-flex\"><\/figure>\n","protected":false},"excerpt":{"rendered":"<p>Coaching bei Lernblockaden &amp; Pr\u00fcfungsstress Lern- und Pr\u00fcfungssituationen k\u00f6nnen trotz Motivation und fachlicher F\u00e4higkeiten von&#8230;<\/p>\n","protected":false},"author":1,"featured_media":0,"parent":0,"menu_order":0,"comment_status":"closed","ping_status":"closed","template":"","meta":{"footnotes":""},"class_list":["post-448","page","type-page","status-publish","hentry"],"_links":{"self":[{"href":"https:\/\/www.anjafeldmann.de\/index.php?rest_route=\/wp\/v2\/pages\/448","targetHints":{"allow":["GET"]}}],"collection":[{"href":"https:\/\/www.anjafeldmann.de\/index.php?rest_route=\/wp\/v2\/pages"}],"about":[{"href":"https:\/\/www.anjafeldmann.de\/index.php?rest_route=\/wp\/v2\/types\/page"}],"author":[{"embeddable":true,"href":"https:\/\/www.anjafeldmann.de\/index.php?rest_route=\/wp\/v2\/users\/1"}],"replies":[{"embeddable":true,"href":"https:\/\/www.anjafeldmann.de\/index.php?rest_route=%2Fwp%2Fv2%2Fcomments&post=448"}],"version-history":[{"count":7,"href":"https:\/\/www.anjafeldmann.de\/index.php?rest_route=\/wp\/v2\/pages\/448\/revisions"}],"predecessor-version":[{"id":626,"href":"https:\/\/www.anjafeldmann.de\/index.php?rest_route=\/wp\/v2\/pages\/448\/revisions\/626"}],"wp:attachment":[{"href":"https:\/\/www.anjafeldmann.de\/index.php?rest_route=%2Fwp%2Fv2%2Fmedia&parent=448"}],"curies":[{"name":"wp","href":"https:\/\/api.w.org\/{rel}","templated":true}]}}