{"id":77,"date":"2023-12-04T13:32:25","date_gmt":"2023-12-04T12:32:25","guid":{"rendered":"https:\/\/www.anjafeldmann.de\/?page_id=77"},"modified":"2026-02-23T21:38:43","modified_gmt":"2026-02-23T20:38:43","slug":"supervision","status":"publish","type":"page","link":"https:\/\/www.anjafeldmann.de\/?page_id=77","title":{"rendered":"Supervision"},"content":{"rendered":"\n<h2 class=\"wp-block-heading has-text-color has-link-color wp-elements-ff9291d7c862dc07193002c7b20404e8\" style=\"color:#289395\"><a href=\"https:\/\/www.anjafeldmann.de\/?page_id=145\">Teamsupervision<\/a> &#8211; <a href=\"https:\/\/www.anjafeldmann.de\/?page_id=153\">Gruppensupervision<\/a> &#8211; <a href=\"https:\/\/www.anjafeldmann.de\/?page_id=159\">Fallsupervision<\/a><\/h2>\n\n\n\n<div class=\"wp-block-columns is-layout-flex wp-container-core-columns-is-layout-9d6595d7 wp-block-columns-is-layout-flex\">\n<div class=\"wp-block-column is-layout-flow wp-block-column-is-layout-flow\" style=\"flex-basis:66.66%\">\n<p>Supervision schafft einen Rahmen, in dem berufliches Handeln, Beziehungen und Dynamiken betrachtbar werden.<\/p>\n\n\n\n<p>Sie erm\u00f6glicht Abstand vom unmittelbaren Arbeitsgeschehen und er\u00f6ffnet neue Sichtweisen auf vertraute Situationen.<\/p>\n\n\n\n<p>Supervision richtet den Blick nicht nur auf Herausforderungen oder Konflikte, sondern auch auf Muster, Wechselwirkungen und oft \u00fcbersehene Zusammenh\u00e4nge.<\/p>\n\n\n\n<p>Auf der Reflexionsb\u00fchne darf sichtbar werden, was im Arbeitsalltag wirksam ist:<\/p>\n\n\n\n<p>Perspektiven, Spannungen, Rollen, unausgesprochene Erwartungen und die feinen Zwischent\u00f6ne professioneller Beziehungen.<\/p>\n\n\n\n<p>Im Beobachtungsraum entsteht die M\u00f6glichkeit, das eigene Handeln aus einer anderen Position wahrzunehmen.<\/p>\n\n\n\n<p>Im Resonanzraum wird sp\u00fcrbar, welche Wirkungen entstehen und wie Zusammenarbeit erlebt wird.<\/p>\n\n\n\n<p>Supervision ist kein Ort schneller L\u00f6sungen.<\/p>\n\n\n\n<p>Sie ist ein Raum f\u00fcr Verstehen, Kl\u00e4rung und Bewegung im Denken.<\/p>\n\n\n\n<p>Je nach Anliegen arbeite ich sowohl gespr\u00e4chsbasiert als auch mit kreativen, wahrnehmungs- und k\u00f6rperorientierten Zug\u00e4ngen, die neue Perspektiven erm\u00f6glichen und implizite Dynamiken erfahrbar machen.<\/p>\n<\/div>\n<\/div>\n\n\n\n<p>Sie sind an Supervision interessiert? Wunderbar!<br>Schreiben Sie mir und dann besprechen wir gemeinsam, wie ich Sie unterst\u00fctzen kann.<\/p>\n\n\n\n<div class=\"wp-block-buttons is-layout-flex wp-block-buttons-is-layout-flex\">\n<div class=\"wp-block-button\"><a class=\"wp-block-button__link wp-element-button\" href=\"https:\/\/www.anjafeldmann.de\/?page_id=403\" target=\"_blank\" rel=\"noreferrer noopener\">Hier geht&#8217;s zum Kontaktformular<\/a><\/div>\n<\/div>\n\n\n\n<figure class=\"wp-block-gallery has-nested-images columns-default is-cropped wp-block-gallery-1 is-layout-flex wp-block-gallery-is-layout-flex\">\n<figure class=\"wp-block-image size-large\"><img fetchpriority=\"high\" decoding=\"async\" width=\"1024\" height=\"768\" data-id=\"47\" src=\"https:\/\/www.anjafeldmann.de\/wp-content\/uploads\/2023\/06\/IMG_20220826_093225-1024x768.jpg\" alt=\"\" class=\"wp-image-47\" srcset=\"https:\/\/www.anjafeldmann.de\/wp-content\/uploads\/2023\/06\/IMG_20220826_093225-1024x768.jpg 1024w, https:\/\/www.anjafeldmann.de\/wp-content\/uploads\/2023\/06\/IMG_20220826_093225-300x225.jpg 300w, https:\/\/www.anjafeldmann.de\/wp-content\/uploads\/2023\/06\/IMG_20220826_093225-768x576.jpg 768w, https:\/\/www.anjafeldmann.de\/wp-content\/uploads\/2023\/06\/IMG_20220826_093225-1536x1152.jpg 1536w, https:\/\/www.anjafeldmann.de\/wp-content\/uploads\/2023\/06\/IMG_20220826_093225-2048x1536.jpg 2048w, https:\/\/www.anjafeldmann.de\/wp-content\/uploads\/2023\/06\/IMG_20220826_093225-850x638.jpg 850w\" sizes=\"(max-width: 1024px) 100vw, 1024px\" \/><\/figure>\n\n\n\n<figure class=\"wp-block-image size-large\"><img decoding=\"async\" width=\"1024\" height=\"768\" data-id=\"46\" src=\"https:\/\/www.anjafeldmann.de\/wp-content\/uploads\/2023\/06\/IMG_20220826_093244-1024x768.jpg\" alt=\"Perspektivwechsel\" class=\"wp-image-46\" srcset=\"https:\/\/www.anjafeldmann.de\/wp-content\/uploads\/2023\/06\/IMG_20220826_093244-1024x768.jpg 1024w, https:\/\/www.anjafeldmann.de\/wp-content\/uploads\/2023\/06\/IMG_20220826_093244-300x225.jpg 300w, https:\/\/www.anjafeldmann.de\/wp-content\/uploads\/2023\/06\/IMG_20220826_093244-768x576.jpg 768w, https:\/\/www.anjafeldmann.de\/wp-content\/uploads\/2023\/06\/IMG_20220826_093244-1536x1152.jpg 1536w, https:\/\/www.anjafeldmann.de\/wp-content\/uploads\/2023\/06\/IMG_20220826_093244-2048x1536.jpg 2048w, https:\/\/www.anjafeldmann.de\/wp-content\/uploads\/2023\/06\/IMG_20220826_093244-850x638.jpg 850w\" sizes=\"(max-width: 1024px) 100vw, 1024px\" \/><\/figure>\n\n\n\n<figure class=\"wp-block-image size-large\"><img decoding=\"async\" width=\"1024\" height=\"651\" data-id=\"112\" src=\"https:\/\/www.anjafeldmann.de\/wp-content\/uploads\/2023\/12\/10-IMG_3066-1024x651.jpg\" alt=\"\" class=\"wp-image-112\" srcset=\"https:\/\/www.anjafeldmann.de\/wp-content\/uploads\/2023\/12\/10-IMG_3066-1024x651.jpg 1024w, https:\/\/www.anjafeldmann.de\/wp-content\/uploads\/2023\/12\/10-IMG_3066-300x191.jpg 300w, https:\/\/www.anjafeldmann.de\/wp-content\/uploads\/2023\/12\/10-IMG_3066-768x488.jpg 768w, https:\/\/www.anjafeldmann.de\/wp-content\/uploads\/2023\/12\/10-IMG_3066-1536x977.jpg 1536w, https:\/\/www.anjafeldmann.de\/wp-content\/uploads\/2023\/12\/10-IMG_3066-2048x1302.jpg 2048w, https:\/\/www.anjafeldmann.de\/wp-content\/uploads\/2023\/12\/10-IMG_3066-850x540.jpg 850w\" sizes=\"(max-width: 1024px) 100vw, 1024px\" \/><\/figure>\n<\/figure>\n\n\n\n<div class=\"wp-block-columns is-layout-flex wp-container-core-columns-is-layout-9d6595d7 wp-block-columns-is-layout-flex\">\n<div class=\"wp-block-column is-layout-flow wp-block-column-is-layout-flow\" style=\"flex-basis:50%\"><\/div>\n\n\n\n<div class=\"wp-block-column is-layout-flow wp-block-column-is-layout-flow\" style=\"flex-basis:50%\"><\/div>\n<\/div>\n","protected":false},"excerpt":{"rendered":"<p>Teamsupervision &#8211; Gruppensupervision &#8211; Fallsupervision Supervision schafft einen Rahmen, in dem berufliches Handeln, Beziehungen und&#8230;<\/p>\n","protected":false},"author":1,"featured_media":0,"parent":0,"menu_order":0,"comment_status":"closed","ping_status":"closed","template":"","meta":{"footnotes":""},"class_list":["post-77","page","type-page","status-publish","hentry"],"_links":{"self":[{"href":"https:\/\/www.anjafeldmann.de\/index.php?rest_route=\/wp\/v2\/pages\/77","targetHints":{"allow":["GET"]}}],"collection":[{"href":"https:\/\/www.anjafeldmann.de\/index.php?rest_route=\/wp\/v2\/pages"}],"about":[{"href":"https:\/\/www.anjafeldmann.de\/index.php?rest_route=\/wp\/v2\/types\/page"}],"author":[{"embeddable":true,"href":"https:\/\/www.anjafeldmann.de\/index.php?rest_route=\/wp\/v2\/users\/1"}],"replies":[{"embeddable":true,"href":"https:\/\/www.anjafeldmann.de\/index.php?rest_route=%2Fwp%2Fv2%2Fcomments&post=77"}],"version-history":[{"count":22,"href":"https:\/\/www.anjafeldmann.de\/index.php?rest_route=\/wp\/v2\/pages\/77\/revisions"}],"predecessor-version":[{"id":620,"href":"https:\/\/www.anjafeldmann.de\/index.php?rest_route=\/wp\/v2\/pages\/77\/revisions\/620"}],"wp:attachment":[{"href":"https:\/\/www.anjafeldmann.de\/index.php?rest_route=%2Fwp%2Fv2%2Fmedia&parent=77"}],"curies":[{"name":"wp","href":"https:\/\/api.w.org\/{rel}","templated":true}]}}